{"id":174,"date":"2018-03-15T21:33:45","date_gmt":"2018-03-15T21:33:45","guid":{"rendered":"http:\/\/lapa.la-studioweb.com\/?page_id=174"},"modified":"2022-06-14T16:42:51","modified_gmt":"2022-06-14T16:42:51","slug":"anasayfa","status":"publish","type":"page","link":"https:\/\/www.elaksapapel.com\/","title":{"rendered":"Anasayfa"},"content":{"rendered":"<p>[vc_row full_width=&#8221;stretch_row_content&#8221; equal_height=&#8221;yes&#8221;][vc_column el_id=&#8221;m5_slide_column_1&#8243; offset=&#8221;vc_col-md-7&#8243;][rev_slider_vc alias=&#8221;home-05&#8243;][\/vc_column][vc_column el_id=&#8221;m5_slide_column_2&#8243; offset=&#8221;vc_col-md-5&#8243;]<div id=\"la_banner_box_69f3128edcbde\" class=\"wpb_content_element la-banner-box banner-type-6 la_banner_box_69f3128edcbde margin-bottom-30 m5-banner-01\">\n    <div class=\"box-inner\">\n                <div class=\"banner--image\">\n            <div class=\"la-lazyload-image\" data-background-image=\"\/\/www.elaksapapel.com\/wp-content\/uploads\/2022\/06\/dining-2room-mood-board-1.jpg\" style=\"padding-bottom: 69.15%\"><\/div>\n        <\/div>\n        <div class=\"banner--info\">\n            <div class=\"js-el b-title b-title1\" style=\"color:#ffffff\" >Sandalyeler<\/div><div class=\"js-el b-title b-title2\" style=\"color:#ffffff\" >T\u00fcm \u00dcr\u00fcnler<\/div><a class=\"banner--btn\" href=\"https:\/\/www.elaksapapel.com\/?product_cat=sandalyeler\" title=\"\u0130ncele\">\u0130ncele<\/a>        <\/div>\n        <a class=\"banner--link-overlay item--overlay\" href=\"https:\/\/www.elaksapapel.com\/?product_cat=sandalyeler\" title=\"\u0130ncele\"><span class=\"hidden\"><span>\u0130ncele<\/span><\/span><\/a>    <\/div>\n            <style>\n            .la-banner-box.la_banner_box_69f3128edcbde{\n                background-color: #ffffff;\n            }\n        <\/style>\n    <\/div>\n<div id=\"la_banner_box_69f3128edcf29\" class=\"wpb_content_element la-banner-box banner-type-6 la_banner_box_69f3128edcf29 m5-banner-02 margin-bottom-0\">\n    <div class=\"box-inner\">\n                <div class=\"banner--image\">\n            <div class=\"la-lazyload-image\" data-background-image=\"\/\/www.elaksapapel.com\/wp-content\/uploads\/2022\/06\/black-tiles-designify.png\" style=\"padding-bottom: 56.25%\"><\/div>\n        <\/div>\n        <div class=\"banner--info\">\n            <div class=\"js-el b-title b-title1\" style=\"\" >Papeller<\/div><div class=\"js-el b-title b-title2\" style=\"color:#343538\" >T\u00fcm Papeller<\/div><a class=\"banner--btn\" href=\"https:\/\/www.elaksapapel.com\/?product_cat=sandalyeler\" title=\"\u0130ncele\">\u0130ncele<\/a>        <\/div>\n        <a class=\"banner--link-overlay item--overlay\" href=\"https:\/\/www.elaksapapel.com\/?product_cat=sandalyeler\" title=\"\u0130ncele\"><span class=\"hidden\"><span>\u0130ncele<\/span><\/span><\/a>    <\/div>\n            <style>\n            .la-banner-box.la_banner_box_69f3128edcf29{\n                background-color: #ffffff;\n            }\n        <\/style>\n    <\/div>\n[\/vc_column][\/vc_row][vc_row][vc_column]<div id=\"la_divider69f3128edd005\" class=\"js-el la-divider la-unit-responsive\" data-la_component=\"UnitResponsive\"  data-el_target='#la_divider69f3128edd005'  data-el_media_sizes='{&quot;padding-top&quot;:&quot;lg:70px;&quot;}' ><\/div>\n[\/vc_column][\/vc_row]<\/p>\n","protected":false},"excerpt":{"rendered":"<p>[vc_row full_width=&#8221;stretch_row_content&#8221; equal_height=&#8221;yes&#8221;][vc_column el_id=&#8221;m5_slide_column_1&#8243; offset=&#8221;vc_col-md-7&#8243;][rev_slider_vc alias=&#8221;home-05&#8243;][\/vc_column][vc_column el_id=&#8221;m5_slide_column_2&#8243; offset=&#8221;vc_col-md-5&#8243;][\/vc_column][\/vc_row][vc_row][vc_column][\/vc_column][\/vc_row]<\/p>\n","protected":false},"author":1,"featured_media":0,"parent":0,"menu_order":0,"comment_status":"closed","ping_status":"closed","template":"","meta":{"footnotes":""},"class_list":["post-174","page","type-page","status-publish","hentry"],"_links":{"self":[{"href":"https:\/\/www.elaksapapel.com\/index.php?rest_route=\/wp\/v2\/pages\/174","targetHints":{"allow":["GET"]}}],"collection":[{"href":"https:\/\/www.elaksapapel.com\/index.php?rest_route=\/wp\/v2\/pages"}],"about":[{"href":"https:\/\/www.elaksapapel.com\/index.php?rest_route=\/wp\/v2\/types\/page"}],"author":[{"embeddable":true,"href":"https:\/\/www.elaksapapel.com\/index.php?rest_route=\/wp\/v2\/users\/1"}],"replies":[{"embeddable":true,"href":"https:\/\/www.elaksapapel.com\/index.php?rest_route=%2Fwp%2Fv2%2Fcomments&post=174"}],"version-history":[{"count":11,"href":"https:\/\/www.elaksapapel.com\/index.php?rest_route=\/wp\/v2\/pages\/174\/revisions"}],"predecessor-version":[{"id":1284,"href":"https:\/\/www.elaksapapel.com\/index.php?rest_route=\/wp\/v2\/pages\/174\/revisions\/1284"}],"wp:attachment":[{"href":"https:\/\/www.elaksapapel.com\/index.php?rest_route=%2Fwp%2Fv2%2Fmedia&parent=174"}],"curies":[{"name":"wp","href":"https:\/\/api.w.org\/{rel}","templated":true}]}}